{"id":220,"date":"2017-02-26T17:39:37","date_gmt":"2017-02-26T17:39:37","guid":{"rendered":"http:\/\/avamed.czest.pl\/?page_id=220"},"modified":"2025-01-26T12:50:35","modified_gmt":"2025-01-26T12:50:35","slug":"pielegniarki-srodowiskowo-rodzinne","status":"publish","type":"page","link":"http:\/\/avamed.czest.pl\/?page_id=220","title":{"rendered":"Gabinet piel\u0119gniarki \u015brodowiskowo-rodzinnej"},"content":{"rendered":"\n<p class=\"has-text-align-center has-large-font-size\">Gabinet piel\u0119gniarki<\/p>\n\n\n\n<p class=\"has-text-align-center has-large-font-size\">\u015arodowiskowo &#8211; Rodzinnej czynny<\/p>\n\n\n\n<p class=\"has-text-align-center has-large-font-size\">od poniedzia\u0142ku do pi\u0105tku<\/p>\n\n\n\n<p class=\"has-text-align-center has-large-font-size\">od 8:00 do 18:00<\/p>\n\n\n\n<p class=\"has-medium-font-size\">Przychodnia czynna jest od poniedzia\u0142ku do pi\u0105tku w godzinach od 8:00 do 18:00<\/p>\n\n\n\n<p class=\"has-medium-font-size\">Rejestracja pacjent\u00f3w odbywa si\u0119 osobi\u015bcie, przez osoby trzecie b\u0105d\u017a telefonicznie pod numerem telefonu: <strong>34&nbsp;371 00 10, 34 371 00 12<\/strong><\/p>\n\n\n\n<p class=\"has-medium-font-size\">\u2013 rejestracja telefoniczna odbywa si\u0119 od godziny 8:00 do 18:00<\/p>\n\n\n\n<p class=\"has-medium-font-size\">W gabinecie piel\u0119gniarki \u015brodowiskowo &#8211; rodzinnej pracuj\u0105 :<\/p>\n\n\n\n<ol type=\"1\" start=\"1\">\n<li class=\"has-medium-font-size\">Ciszewska Urszula<\/li>\n\n\n\n<li class=\"has-medium-font-size\">Stala Maria<\/li>\n\n\n\n<li class=\"has-medium-font-size\">Skibi\u0144ska Barbara<\/li>\n\n\n\n<li class=\"has-medium-font-size\">Siwek Anna<\/li>\n<\/ol>\n\n\n\n<p><\/p>\n","protected":false},"excerpt":{"rendered":"<p>Gabinet piel\u0119gniarki \u015arodowiskowo &#8211; Rodzinnej czynny od poniedzia\u0142ku do pi\u0105tku od 8:00 do 18:00 Przychodnia czynna jest od poniedzia\u0142ku do pi\u0105tku w godzinach od 8:00 do 18:00 Rejestracja pacjent\u00f3w odbywa si\u0119 osobi\u015bcie, przez osoby trzecie b\u0105d\u017a telefonicznie pod numerem telefonu: 34&nbsp;371 00 10, 34 371 00 12 \u2013 rejestracja telefoniczna odbywa si\u0119 od godziny 8:00 [&hellip;]<\/p>\n","protected":false},"author":1,"featured_media":0,"parent":210,"menu_order":11,"comment_status":"closed","ping_status":"closed","template":"","meta":{"_mi_skip_tracking":false},"yoast_head":"<!-- This site is optimized with the Yoast SEO plugin v20.3 - https:\/\/yoast.com\/wordpress\/plugins\/seo\/ -->\n<title>Gabinet piel\u0119gniarki \u015brodowiskowo-rodzinnej - Avamed<\/title>\n<meta name=\"robots\" content=\"index, follow, max-snippet:-1, max-image-preview:large, max-video-preview:-1\" \/>\n<link rel=\"canonical\" href=\"http:\/\/avamed.czest.pl\/?page_id=220\" \/>\n<meta property=\"og:locale\" content=\"pl_PL\" \/>\n<meta property=\"og:type\" content=\"article\" \/>\n<meta property=\"og:title\" content=\"Gabinet piel\u0119gniarki \u015brodowiskowo-rodzinnej - Avamed\" \/>\n<meta property=\"og:description\" content=\"Gabinet piel\u0119gniarki \u015arodowiskowo &#8211; Rodzinnej czynny od poniedzia\u0142ku do pi\u0105tku od 8:00 do 18:00 Przychodnia czynna jest od poniedzia\u0142ku do pi\u0105tku w godzinach od 8:00 do 18:00 Rejestracja pacjent\u00f3w odbywa si\u0119 osobi\u015bcie, przez osoby trzecie b\u0105d\u017a telefonicznie pod numerem telefonu: 34&nbsp;371 00 10, 34 371 00 12 \u2013 rejestracja telefoniczna odbywa si\u0119 od godziny 8:00 [&hellip;]\" \/>\n<meta property=\"og:url\" content=\"http:\/\/avamed.czest.pl\/?page_id=220\" \/>\n<meta property=\"og:site_name\" content=\"Avamed\" \/>\n<meta property=\"article:modified_time\" content=\"2025-01-26T12:50:35+00:00\" \/>\n<meta name=\"twitter:card\" content=\"summary_large_image\" \/>\n<meta name=\"twitter:label1\" content=\"Szacowany czas czytania\" \/>\n\t<meta name=\"twitter:data1\" content=\"1 minuta\" \/>\n<script type=\"application\/ld+json\" class=\"yoast-schema-graph\">{\"@context\":\"https:\/\/schema.org\",\"@graph\":[{\"@type\":\"WebPage\",\"@id\":\"http:\/\/avamed.czest.pl\/?page_id=220\",\"url\":\"http:\/\/avamed.czest.pl\/?page_id=220\",\"name\":\"Gabinet piel\u0119gniarki \u015brodowiskowo-rodzinnej - Avamed\",\"isPartOf\":{\"@id\":\"http:\/\/avamed.czest.pl\/#website\"},\"datePublished\":\"2017-02-26T17:39:37+00:00\",\"dateModified\":\"2025-01-26T12:50:35+00:00\",\"breadcrumb\":{\"@id\":\"http:\/\/avamed.czest.pl\/?page_id=220#breadcrumb\"},\"inLanguage\":\"pl-PL\",\"potentialAction\":[{\"@type\":\"ReadAction\",\"target\":[\"http:\/\/avamed.czest.pl\/?page_id=220\"]}]},{\"@type\":\"BreadcrumbList\",\"@id\":\"http:\/\/avamed.czest.pl\/?page_id=220#breadcrumb\",\"itemListElement\":[{\"@type\":\"ListItem\",\"position\":1,\"name\":\"Strona g\u0142\u00f3wna\",\"item\":\"http:\/\/avamed.czest.pl\/\"},{\"@type\":\"ListItem\",\"position\":2,\"name\":\"Avamed\",\"item\":\"http:\/\/avamed.czest.pl\/?page_id=210\"},{\"@type\":\"ListItem\",\"position\":3,\"name\":\"Gabinet piel\u0119gniarki \u015brodowiskowo-rodzinnej\"}]},{\"@type\":\"WebSite\",\"@id\":\"http:\/\/avamed.czest.pl\/#website\",\"url\":\"http:\/\/avamed.czest.pl\/\",\"name\":\"Avamed\",\"description\":\"Przychodnia Zdrowia Avamed Cz\u0119stochowa\",\"potentialAction\":[{\"@type\":\"SearchAction\",\"target\":{\"@type\":\"EntryPoint\",\"urlTemplate\":\"http:\/\/avamed.czest.pl\/?s={search_term_string}\"},\"query-input\":\"required name=search_term_string\"}],\"inLanguage\":\"pl-PL\"}]}<\/script>\n<!-- \/ Yoast SEO plugin. -->","yoast_head_json":{"title":"Gabinet piel\u0119gniarki \u015brodowiskowo-rodzinnej - Avamed","robots":{"index":"index","follow":"follow","max-snippet":"max-snippet:-1","max-image-preview":"max-image-preview:large","max-video-preview":"max-video-preview:-1"},"canonical":"http:\/\/avamed.czest.pl\/?page_id=220","og_locale":"pl_PL","og_type":"article","og_title":"Gabinet piel\u0119gniarki \u015brodowiskowo-rodzinnej - Avamed","og_description":"Gabinet piel\u0119gniarki \u015arodowiskowo &#8211; Rodzinnej czynny od poniedzia\u0142ku do pi\u0105tku od 8:00 do 18:00 Przychodnia czynna jest od poniedzia\u0142ku do pi\u0105tku w godzinach od 8:00 do 18:00 Rejestracja pacjent\u00f3w odbywa si\u0119 osobi\u015bcie, przez osoby trzecie b\u0105d\u017a telefonicznie pod numerem telefonu: 34&nbsp;371 00 10, 34 371 00 12 \u2013 rejestracja telefoniczna odbywa si\u0119 od godziny 8:00 [&hellip;]","og_url":"http:\/\/avamed.czest.pl\/?page_id=220","og_site_name":"Avamed","article_modified_time":"2025-01-26T12:50:35+00:00","twitter_card":"summary_large_image","twitter_misc":{"Szacowany czas czytania":"1 minuta"},"schema":{"@context":"https:\/\/schema.org","@graph":[{"@type":"WebPage","@id":"http:\/\/avamed.czest.pl\/?page_id=220","url":"http:\/\/avamed.czest.pl\/?page_id=220","name":"Gabinet piel\u0119gniarki \u015brodowiskowo-rodzinnej - Avamed","isPartOf":{"@id":"http:\/\/avamed.czest.pl\/#website"},"datePublished":"2017-02-26T17:39:37+00:00","dateModified":"2025-01-26T12:50:35+00:00","breadcrumb":{"@id":"http:\/\/avamed.czest.pl\/?page_id=220#breadcrumb"},"inLanguage":"pl-PL","potentialAction":[{"@type":"ReadAction","target":["http:\/\/avamed.czest.pl\/?page_id=220"]}]},{"@type":"BreadcrumbList","@id":"http:\/\/avamed.czest.pl\/?page_id=220#breadcrumb","itemListElement":[{"@type":"ListItem","position":1,"name":"Strona g\u0142\u00f3wna","item":"http:\/\/avamed.czest.pl\/"},{"@type":"ListItem","position":2,"name":"Avamed","item":"http:\/\/avamed.czest.pl\/?page_id=210"},{"@type":"ListItem","position":3,"name":"Gabinet piel\u0119gniarki \u015brodowiskowo-rodzinnej"}]},{"@type":"WebSite","@id":"http:\/\/avamed.czest.pl\/#website","url":"http:\/\/avamed.czest.pl\/","name":"Avamed","description":"Przychodnia Zdrowia Avamed Cz\u0119stochowa","potentialAction":[{"@type":"SearchAction","target":{"@type":"EntryPoint","urlTemplate":"http:\/\/avamed.czest.pl\/?s={search_term_string}"},"query-input":"required name=search_term_string"}],"inLanguage":"pl-PL"}]}},"_links":{"self":[{"href":"http:\/\/avamed.czest.pl\/index.php?rest_route=\/wp\/v2\/pages\/220"}],"collection":[{"href":"http:\/\/avamed.czest.pl\/index.php?rest_route=\/wp\/v2\/pages"}],"about":[{"href":"http:\/\/avamed.czest.pl\/index.php?rest_route=\/wp\/v2\/types\/page"}],"author":[{"embeddable":true,"href":"http:\/\/avamed.czest.pl\/index.php?rest_route=\/wp\/v2\/users\/1"}],"replies":[{"embeddable":true,"href":"http:\/\/avamed.czest.pl\/index.php?rest_route=%2Fwp%2Fv2%2Fcomments&post=220"}],"version-history":[{"count":8,"href":"http:\/\/avamed.czest.pl\/index.php?rest_route=\/wp\/v2\/pages\/220\/revisions"}],"predecessor-version":[{"id":732,"href":"http:\/\/avamed.czest.pl\/index.php?rest_route=\/wp\/v2\/pages\/220\/revisions\/732"}],"up":[{"embeddable":true,"href":"http:\/\/avamed.czest.pl\/index.php?rest_route=\/wp\/v2\/pages\/210"}],"wp:attachment":[{"href":"http:\/\/avamed.czest.pl\/index.php?rest_route=%2Fwp%2Fv2%2Fmedia&parent=220"}],"curies":[{"name":"wp","href":"https:\/\/api.w.org\/{rel}","templated":true}]}}