{"id":470,"date":"2020-11-29T21:11:48","date_gmt":"2020-11-29T21:11:48","guid":{"rendered":"http:\/\/avamed.czest.pl\/?page_id=470"},"modified":"2020-11-29T21:12:19","modified_gmt":"2020-11-29T21:12:19","slug":"informacja-dla-pacjenta-w-sprawie-szczepionek-nabywanych-poza-nzozavamed-sp-z-o-o","status":"publish","type":"page","link":"http:\/\/avamed.czest.pl\/?page_id=470","title":{"rendered":"INFORMACJA DLA PACJENTA W SPRAWIE SZCZEPIONEK NABYWANYCH POZA NZOZ,,AVAMED\u201d SP. Z O.O."},"content":{"rendered":"\n<p>Maj\u0105c na uwadze zachowanie ci\u0105g\u0142o\u015bci szczepie\u0144 oraz zapewnienie jako\u015bci szczepionek, kt\u00f3re s\u0105 produktami leczniczymi szczeg\u00f3lnie wra\u017cliwymi na warunki przechowywania i transportu, <strong>informujemy, \u017ce na terenie NZOZ,,AVAMED\u201d w wyj\u0105tkowych przypadkach jest mo\u017cliwe <\/strong><strong>podanie pacjentowi szczepionki przyniesionej z zewn\u0105trz (zakupionej w aptece). <\/strong>Szczepienie produktem leczniczym, zakupionym przez pacjenta, jest mo\u017cliwe tylko wtedy, gdy w naszej Przychodni produkt jest niedost\u0119pny oraz zosta\u0142y spe\u0142nione warunki gwarantuj\u0105ce bezpiecze\u0144stwo, tzn.:<\/p>\n\n\n\n<ol type=\"1\"><li>Szczepionka powinna zosta\u0107 dostarczona do Przychodni w opakowaniu termoizolacyjnym, np. termotorba, w celu zapewnienia \u0142a\u0144cucha ch\u0142odniczego szczepionki.<\/li><li>Szczepionka powinna by\u0107 jak najszybciej dostarczona do gabinetu szczepie\u0144<br>i umieszczona w lod\u00f3wce. Zalecane jest, o ile to mo\u017cliwe, aby recept\u0119 realizowa\u0107 w aptece bezpo\u015brednio przed szczepieniem.<\/li><li>Szczepionk\u0119 w opakowaniu termoizolacyjnym nale\u017cy przechowywa\u0107 bezwzgl\u0119dnie<br>w temperaturze +2\u00baC do +8\u00baC.<\/li><li>W dniu szczepienia, po wej\u015bciu do Przychodni &nbsp;kontroli temperatury, nale\u017cy uda\u0107 si\u0119 niezw\u0142ocznie do gabinetu zabiegowego i przekaza\u0107 szczepionk\u0119 podpisan\u0105 imieniem<br>i nazwiskiem pacjenta piel\u0119gniarce w celu umieszczenia jej od razu w lod\u00f3wce.<\/li><li>Nale\u017cy pami\u0119ta\u0107, by zawsze zachowa\u0107 paragon zakupu szczepionki w aptece, kt\u00f3ry dokumentuje dat\u0119 i miejsce zakupu szczepionki. Dane z paragonu wykorzystane zostan\u0105 do wype\u0142nienia specjalnego o\u015bwiadczenia w punkcie szczepie\u0144, w zwi\u0105zku z tym nale\u017cy mie\u0107 go przy sobie podczas wizyty w dniu szczepienia.<\/li><\/ol>\n\n\n\n<p><strong>INFORMACJA DLA PACJENTA DOTYCZ\u0104CA PRZECHOWYWANIA I TRANSPORTU SZCZEPIONEK<\/strong><\/p>\n\n\n\n<p>Szczepionka jest lekiem pochodzenia biologicznego, dlatego musi by\u0107 przechowywana w warunkach tzw. \u201e\u0142a\u0144cucha ch\u0142odniczego\u201d, czyli w temperaturze mi\u0119dzy +2\u00b0C a +8\u00b0C stopni. Po zakupieniu w aptece szczepionka powinna by\u0107 w jak najkr\u00f3tszym czasie przetransportowana w opakowaniu zabezpieczaj\u0105cym przed zmianami temperatury do miejsca u\u017cycia (gabinet szczepie\u0144) lub umieszczona w lod\u00f3wce, je\u015bli wizyta w punkcie szczepie\u0144 jest w p\u00f3\u017aniejszym terminie. W lod\u00f3wce nale\u017cy umie\u015bci\u0107 szczepionk\u0119 na \u015brodkowej p\u00f3\u0142ce zabezpieczaj\u0105c przed dosuni\u0119ciem do tylnej \u015bciany lod\u00f3wki (grozi zamro\u017ceniem) oraz uszkodzeniem opakowania (zamykana torebka foliowa). Nie nale\u017cy szczepionki umieszcza\u0107 na drzwiach lod\u00f3wki, poniewa\u017c jest tam nara\u017cona na najwi\u0119ksze wahania temperatury oraz w zamra\u017calniku lub zamra\u017carce. Podanie szczepionki, kt\u00f3ra by\u0142a nieprawid\u0142owo przechowywana lub transportowana mo\u017ce spowodowa\u0107 powa\u017cne zagro\u017cenie dla zdrowia, a nawet \u017cycia. Je\u015bli lekarz lub piel\u0119gniarka, kt\u00f3rzy maj\u0105 wykona\u0107 szczepienie, b\u0119d\u0105 mieli w\u0105tpliwo\u015bci co do prawid\u0142owo\u015bci ww. procedur zwi\u0105zanych z indywidualn\u0105 dostaw\u0105 szczepionki lub wed\u0142ug nich zosta\u0142y naruszone zasady \u201e\u0142a\u0144cucha ch\u0142odniczego\u201d, to s\u0105 uprawnieni, a nawet zobowi\u0105zani do odmowy podania pacjentowi danej szczepionki.<\/p>\n","protected":false},"excerpt":{"rendered":"<p>Maj\u0105c na uwadze zachowanie ci\u0105g\u0142o\u015bci szczepie\u0144 oraz zapewnienie jako\u015bci szczepionek, kt\u00f3re s\u0105 produktami leczniczymi szczeg\u00f3lnie wra\u017cliwymi na warunki przechowywania i transportu, informujemy, \u017ce na terenie NZOZ,,AVAMED\u201d w wyj\u0105tkowych przypadkach jest mo\u017cliwe podanie pacjentowi szczepionki przyniesionej z zewn\u0105trz (zakupionej w aptece). Szczepienie produktem leczniczym, zakupionym przez pacjenta, jest mo\u017cliwe tylko wtedy, gdy w naszej Przychodni produkt [&hellip;]<\/p>\n","protected":false},"author":1,"featured_media":0,"parent":0,"menu_order":0,"comment_status":"closed","ping_status":"closed","template":"","meta":{"_mi_skip_tracking":false},"yoast_head":"<!-- This site is optimized with the Yoast SEO plugin v20.3 - https:\/\/yoast.com\/wordpress\/plugins\/seo\/ -->\n<title>INFORMACJA DLA PACJENTA W SPRAWIE SZCZEPIONEK NABYWANYCH POZA NZOZ,,AVAMED\u201d SP. Z O.O. - Avamed<\/title>\n<meta name=\"robots\" content=\"index, follow, max-snippet:-1, max-image-preview:large, max-video-preview:-1\" \/>\n<link rel=\"canonical\" href=\"https:\/\/avamed.czest.pl\/?page_id=470\" \/>\n<meta property=\"og:locale\" content=\"pl_PL\" \/>\n<meta property=\"og:type\" content=\"article\" \/>\n<meta property=\"og:title\" content=\"INFORMACJA DLA PACJENTA W SPRAWIE SZCZEPIONEK NABYWANYCH POZA NZOZ,,AVAMED\u201d SP. Z O.O. - Avamed\" \/>\n<meta property=\"og:description\" content=\"Maj\u0105c na uwadze zachowanie ci\u0105g\u0142o\u015bci szczepie\u0144 oraz zapewnienie jako\u015bci szczepionek, kt\u00f3re s\u0105 produktami leczniczymi szczeg\u00f3lnie wra\u017cliwymi na warunki przechowywania i transportu, informujemy, \u017ce na terenie NZOZ,,AVAMED\u201d w wyj\u0105tkowych przypadkach jest mo\u017cliwe podanie pacjentowi szczepionki przyniesionej z zewn\u0105trz (zakupionej w aptece). Szczepienie produktem leczniczym, zakupionym przez pacjenta, jest mo\u017cliwe tylko wtedy, gdy w naszej Przychodni produkt [&hellip;]\" \/>\n<meta property=\"og:url\" content=\"https:\/\/avamed.czest.pl\/?page_id=470\" \/>\n<meta property=\"og:site_name\" content=\"Avamed\" \/>\n<meta property=\"article:modified_time\" content=\"2020-11-29T21:12:19+00:00\" \/>\n<meta name=\"twitter:card\" content=\"summary_large_image\" \/>\n<meta name=\"twitter:label1\" content=\"Szacowany czas czytania\" \/>\n\t<meta name=\"twitter:data1\" content=\"2 minuty\" \/>\n<script type=\"application\/ld+json\" class=\"yoast-schema-graph\">{\"@context\":\"https:\/\/schema.org\",\"@graph\":[{\"@type\":\"WebPage\",\"@id\":\"https:\/\/avamed.czest.pl\/?page_id=470\",\"url\":\"https:\/\/avamed.czest.pl\/?page_id=470\",\"name\":\"INFORMACJA DLA PACJENTA W SPRAWIE SZCZEPIONEK NABYWANYCH POZA NZOZ,,AVAMED\u201d SP. Z O.O. - Avamed\",\"isPartOf\":{\"@id\":\"http:\/\/avamed.czest.pl\/#website\"},\"datePublished\":\"2020-11-29T21:11:48+00:00\",\"dateModified\":\"2020-11-29T21:12:19+00:00\",\"breadcrumb\":{\"@id\":\"https:\/\/avamed.czest.pl\/?page_id=470#breadcrumb\"},\"inLanguage\":\"pl-PL\",\"potentialAction\":[{\"@type\":\"ReadAction\",\"target\":[\"https:\/\/avamed.czest.pl\/?page_id=470\"]}]},{\"@type\":\"BreadcrumbList\",\"@id\":\"https:\/\/avamed.czest.pl\/?page_id=470#breadcrumb\",\"itemListElement\":[{\"@type\":\"ListItem\",\"position\":1,\"name\":\"Strona g\u0142\u00f3wna\",\"item\":\"http:\/\/avamed.czest.pl\/\"},{\"@type\":\"ListItem\",\"position\":2,\"name\":\"INFORMACJA DLA PACJENTA W SPRAWIE SZCZEPIONEK NABYWANYCH POZA NZOZ,,AVAMED\u201d SP. Z O.O.\"}]},{\"@type\":\"WebSite\",\"@id\":\"http:\/\/avamed.czest.pl\/#website\",\"url\":\"http:\/\/avamed.czest.pl\/\",\"name\":\"Avamed\",\"description\":\"Przychodnia Zdrowia Avamed Cz\u0119stochowa\",\"potentialAction\":[{\"@type\":\"SearchAction\",\"target\":{\"@type\":\"EntryPoint\",\"urlTemplate\":\"http:\/\/avamed.czest.pl\/?s={search_term_string}\"},\"query-input\":\"required name=search_term_string\"}],\"inLanguage\":\"pl-PL\"}]}<\/script>\n<!-- \/ Yoast SEO plugin. -->","yoast_head_json":{"title":"INFORMACJA DLA PACJENTA W SPRAWIE SZCZEPIONEK NABYWANYCH POZA NZOZ,,AVAMED\u201d SP. Z O.O. - Avamed","robots":{"index":"index","follow":"follow","max-snippet":"max-snippet:-1","max-image-preview":"max-image-preview:large","max-video-preview":"max-video-preview:-1"},"canonical":"https:\/\/avamed.czest.pl\/?page_id=470","og_locale":"pl_PL","og_type":"article","og_title":"INFORMACJA DLA PACJENTA W SPRAWIE SZCZEPIONEK NABYWANYCH POZA NZOZ,,AVAMED\u201d SP. Z O.O. - Avamed","og_description":"Maj\u0105c na uwadze zachowanie ci\u0105g\u0142o\u015bci szczepie\u0144 oraz zapewnienie jako\u015bci szczepionek, kt\u00f3re s\u0105 produktami leczniczymi szczeg\u00f3lnie wra\u017cliwymi na warunki przechowywania i transportu, informujemy, \u017ce na terenie NZOZ,,AVAMED\u201d w wyj\u0105tkowych przypadkach jest mo\u017cliwe podanie pacjentowi szczepionki przyniesionej z zewn\u0105trz (zakupionej w aptece). Szczepienie produktem leczniczym, zakupionym przez pacjenta, jest mo\u017cliwe tylko wtedy, gdy w naszej Przychodni produkt [&hellip;]","og_url":"https:\/\/avamed.czest.pl\/?page_id=470","og_site_name":"Avamed","article_modified_time":"2020-11-29T21:12:19+00:00","twitter_card":"summary_large_image","twitter_misc":{"Szacowany czas czytania":"2 minuty"},"schema":{"@context":"https:\/\/schema.org","@graph":[{"@type":"WebPage","@id":"https:\/\/avamed.czest.pl\/?page_id=470","url":"https:\/\/avamed.czest.pl\/?page_id=470","name":"INFORMACJA DLA PACJENTA W SPRAWIE SZCZEPIONEK NABYWANYCH POZA NZOZ,,AVAMED\u201d SP. Z O.O. - Avamed","isPartOf":{"@id":"http:\/\/avamed.czest.pl\/#website"},"datePublished":"2020-11-29T21:11:48+00:00","dateModified":"2020-11-29T21:12:19+00:00","breadcrumb":{"@id":"https:\/\/avamed.czest.pl\/?page_id=470#breadcrumb"},"inLanguage":"pl-PL","potentialAction":[{"@type":"ReadAction","target":["https:\/\/avamed.czest.pl\/?page_id=470"]}]},{"@type":"BreadcrumbList","@id":"https:\/\/avamed.czest.pl\/?page_id=470#breadcrumb","itemListElement":[{"@type":"ListItem","position":1,"name":"Strona g\u0142\u00f3wna","item":"http:\/\/avamed.czest.pl\/"},{"@type":"ListItem","position":2,"name":"INFORMACJA DLA PACJENTA W SPRAWIE SZCZEPIONEK NABYWANYCH POZA NZOZ,,AVAMED\u201d SP. Z O.O."}]},{"@type":"WebSite","@id":"http:\/\/avamed.czest.pl\/#website","url":"http:\/\/avamed.czest.pl\/","name":"Avamed","description":"Przychodnia Zdrowia Avamed Cz\u0119stochowa","potentialAction":[{"@type":"SearchAction","target":{"@type":"EntryPoint","urlTemplate":"http:\/\/avamed.czest.pl\/?s={search_term_string}"},"query-input":"required name=search_term_string"}],"inLanguage":"pl-PL"}]}},"_links":{"self":[{"href":"http:\/\/avamed.czest.pl\/index.php?rest_route=\/wp\/v2\/pages\/470"}],"collection":[{"href":"http:\/\/avamed.czest.pl\/index.php?rest_route=\/wp\/v2\/pages"}],"about":[{"href":"http:\/\/avamed.czest.pl\/index.php?rest_route=\/wp\/v2\/types\/page"}],"author":[{"embeddable":true,"href":"http:\/\/avamed.czest.pl\/index.php?rest_route=\/wp\/v2\/users\/1"}],"replies":[{"embeddable":true,"href":"http:\/\/avamed.czest.pl\/index.php?rest_route=%2Fwp%2Fv2%2Fcomments&post=470"}],"version-history":[{"count":1,"href":"http:\/\/avamed.czest.pl\/index.php?rest_route=\/wp\/v2\/pages\/470\/revisions"}],"predecessor-version":[{"id":471,"href":"http:\/\/avamed.czest.pl\/index.php?rest_route=\/wp\/v2\/pages\/470\/revisions\/471"}],"wp:attachment":[{"href":"http:\/\/avamed.czest.pl\/index.php?rest_route=%2Fwp%2Fv2%2Fmedia&parent=470"}],"curies":[{"name":"wp","href":"https:\/\/api.w.org\/{rel}","templated":true}]}}