{"id":500,"date":"2020-11-30T20:13:32","date_gmt":"2020-11-30T20:13:32","guid":{"rendered":"http:\/\/avamed.czest.pl\/?page_id=500"},"modified":"2023-12-03T16:58:00","modified_gmt":"2023-12-03T16:58:00","slug":"warsztaty-edukacyjne-dla-pacjenta","status":"publish","type":"page","link":"http:\/\/avamed.czest.pl\/?page_id=500","title":{"rendered":"Warsztaty edukacyjne  dla  pacjenta"},"content":{"rendered":"\n<p><strong><br>PROMOCJA ZDROWIA- warsztaty\/ spotkania edukacyjne<br><br><\/strong><\/p>\n\n\n\n<p>NZOZ AVAMED Sp. z o.o w Cz\u0119stochowie &nbsp;prowadzi dzia\u0142ania na rzecz promocji zdrowia w\u015br\u00f3d zadeklarowanych pacjent\u00f3w maj\u0105ce na celu zwr\u00f3cenie uwagi na warto\u015bci wynikaj\u0105ce z szeroko poj\u0119tego zdrowego stylu \u017cycia i zachowa\u0144 prozdrowotnych.<\/p>\n\n\n\n<p>Wydzielony czas na promocj\u0119 zdrowia obejmuje:<br><br>* <strong>spotkania z lekarzami\/ fizjoterapet\u0105 \/ dietetykiem<\/strong>\/&nbsp; prowadzone s\u0105 przy wsp\u00f3\u0142pracy z piel\u0119gniarkami, &nbsp;w\u015br\u00f3d os\u00f3b obj\u0119tych programami edukacyjnym oraz wszystkich ch\u0119tnych, kt\u00f3rzy chc\u0105 posi\u0105\u015b\u0107 wiedz\u0119 niezb\u0119dn\u0105 do zachowania zdrowia i zdrowego stylu \u017cycia.<\/p>\n\n\n\n<p>*<strong>spotkania z po\u0142o\u017cn\u0105 dla kobiet w ci\u0105\u017cy<\/strong> <strong>i m\u0142odych mam<\/strong>&#8211; mini porady\/ warsztaty prowadzone s\u0105 przez&nbsp; po\u0142o\u017cn\u0105 . Dzia\u0142ania promocyjne maj\u0105 na celu utrzymaniu zdrowych nawyk\u00f3w w ci\u0105\u017cy oraz propagowanie karmienia piersi\u0105 wg najnowszych standard\u00f3w medycznych i zwalczaniu ludowych wierze\u0144. Spotkania w ramach poradni odbywaj\u0105 si\u0119 zgodnie z HARMONOGRAMEM (planem) do\u0142\u0105czonym poni\u017cej &#8211; <strong>za\u0142\u0105cznik nr 1 do informacji.<\/strong><\/p>\n\n\n\n<p>Spotkania w ramach poradni odbywaj\u0105 si\u0119 zgodnie<br>z <strong>PROGRAMEM WARSZTAT\u00d3W EDUKACYJNYCH<\/strong> z dnia 31.12.2019 &#8211; 1 raz w miesi\u0105cu.<\/p>\n\n\n\n<p><strong>Uwaga:<\/strong> w przypadku nieprzewidzianych okoliczno\u015bci termin warsztat\u00f3w mo\u017ce zosta\u0107 przesuni\u0119ty.<\/p>\n\n\n\n<div class=\"wp-block-file\"><a id=\"wp-block-file--media-34026f7b-0af0-45c3-99c1-df0429273cbd\" href=\"http:\/\/avamed.czest.pl\/wp-content\/uploads\/2020\/11\/PROGRAM-WARSZTATOW-EDUKACYJNYCH-DLA-PACJENTOW-NZOZ.pdf\">PROGRAM WARSZTAT\u00d3W EDUKACYJNYCH DLA PACJENT\u00d3W NZOZ<\/a><a href=\"http:\/\/avamed.czest.pl\/wp-content\/uploads\/2020\/11\/PROGRAM-WARSZTATOW-EDUKACYJNYCH-DLA-PACJENTOW-NZOZ.pdf\" class=\"wp-block-file__button wp-element-button\" download aria-describedby=\"wp-block-file--media-34026f7b-0af0-45c3-99c1-df0429273cbd\">Pobierz<\/a><\/div>\n\n\n\n<div class=\"wp-block-file\"><object class=\"wp-block-file__embed\" data=\"http:\/\/avamed.czest.pl\/wp-content\/uploads\/2023\/12\/PROGRAM-WARSZTATOW-EDUKACYJNYCH-DLA-PACJENTOW-NZOZ-2023.pdf\" type=\"application\/pdf\" style=\"width:100%;height:600px\" aria-label=\"Osadzone z PROGRAM-WARSZTATOW-EDUKACYJNYCH-DLA-PACJENTOW-NZOZ-2023.\"><\/object><a id=\"wp-block-file--media-e60442a5-2660-4322-86a3-ef8d104c6342\" href=\"http:\/\/avamed.czest.pl\/wp-content\/uploads\/2023\/12\/PROGRAM-WARSZTATOW-EDUKACYJNYCH-DLA-PACJENTOW-NZOZ-2023.pdf\">PROGRAM-WARSZTATOW-EDUKACYJNYCH-DLA-PACJENTOW-NZOZ-2023<\/a><a href=\"http:\/\/avamed.czest.pl\/wp-content\/uploads\/2023\/12\/PROGRAM-WARSZTATOW-EDUKACYJNYCH-DLA-PACJENTOW-NZOZ-2023.pdf\" class=\"wp-block-file__button wp-element-button\" download aria-describedby=\"wp-block-file--media-e60442a5-2660-4322-86a3-ef8d104c6342\">Pobierz<\/a><\/div>\n\n\n\n<div class=\"wp-block-file\"><a id=\"wp-block-file--media-afb48ae1-d9d7-4335-b13a-e5167de649cd\" href=\"http:\/\/avamed.czest.pl\/wp-content\/uploads\/2020\/11\/Promocja-zdrowia-na-czas-pandemii-.pdf\">Promocja zdrowia- na czas pandemii-<\/a><a href=\"http:\/\/avamed.czest.pl\/wp-content\/uploads\/2020\/11\/Promocja-zdrowia-na-czas-pandemii-.pdf\" class=\"wp-block-file__button wp-element-button\" download aria-describedby=\"wp-block-file--media-afb48ae1-d9d7-4335-b13a-e5167de649cd\">Pobierz<\/a><\/div>\n\n\n\n<div class=\"wp-block-file\"><a id=\"wp-block-file--media-c514be7a-4f3e-446f-9e01-1d2ce85422c7\" href=\"http:\/\/avamed.czest.pl\/wp-content\/uploads\/2020\/11\/PROGRAM-WARSZTATOW-EDUKACYJNYCH-DLA-PACJENTOW-2020-pdf.pdf\">PROGRAM WARSZTAT\u00d3W EDUKACYJNYCH DLA PACJENT\u00d3W -2020 pdf<\/a><a href=\"http:\/\/avamed.czest.pl\/wp-content\/uploads\/2020\/11\/PROGRAM-WARSZTATOW-EDUKACYJNYCH-DLA-PACJENTOW-2020-pdf.pdf\" class=\"wp-block-file__button wp-element-button\" download aria-describedby=\"wp-block-file--media-c514be7a-4f3e-446f-9e01-1d2ce85422c7\">Pobierz<\/a><\/div>\n\n\n\n<div class=\"wp-block-file\"><a id=\"wp-block-file--media-ea86a0cc-3cd1-4490-ac3f-3c604cb950c3\" href=\"http:\/\/avamed.czest.pl\/wp-content\/uploads\/2020\/11\/Piramida-zdrowego-zywienia.pdf\">Piramida-zdrowego-\u017cywienia<\/a><a href=\"http:\/\/avamed.czest.pl\/wp-content\/uploads\/2020\/11\/Piramida-zdrowego-zywienia.pdf\" class=\"wp-block-file__button wp-element-button\" download aria-describedby=\"wp-block-file--media-ea86a0cc-3cd1-4490-ac3f-3c604cb950c3\">Pobierz<\/a><\/div>\n\n\n\n<div class=\"wp-block-file\"><a id=\"wp-block-file--media-94c59d3e-3613-4852-837c-af36de25cabe\" href=\"http:\/\/avamed.czest.pl\/wp-content\/uploads\/2020\/11\/Informacje-dla-pacjenta-Zywienie-w-dnie-moczanowej.pdf\">Informacje dla pacjenta- \u017bywienie w dnie-moczanowej<\/a><a href=\"http:\/\/avamed.czest.pl\/wp-content\/uploads\/2020\/11\/Informacje-dla-pacjenta-Zywienie-w-dnie-moczanowej.pdf\" class=\"wp-block-file__button wp-element-button\" download aria-describedby=\"wp-block-file--media-94c59d3e-3613-4852-837c-af36de25cabe\">Pobierz<\/a><\/div>\n\n\n\n<div class=\"wp-block-file\"><a id=\"wp-block-file--media-cfc9553d-642f-459e-8fc6-0b08eccebf19\" href=\"http:\/\/avamed.czest.pl\/wp-content\/uploads\/2020\/11\/Informacja-dla-pacjenta-dieta-bez-mleka.pdf\">Informacja dla pacjenta- dieta-bez-mleka<\/a><a href=\"http:\/\/avamed.czest.pl\/wp-content\/uploads\/2020\/11\/Informacja-dla-pacjenta-dieta-bez-mleka.pdf\" class=\"wp-block-file__button wp-element-button\" download aria-describedby=\"wp-block-file--media-cfc9553d-642f-459e-8fc6-0b08eccebf19\">Pobierz<\/a><\/div>\n\n\n\n<div class=\"wp-block-file\"><a id=\"wp-block-file--media-db27c655-0381-4155-a7e6-74d3c540d29b\" href=\"http:\/\/avamed.czest.pl\/wp-content\/uploads\/2020\/11\/Informacja-dla-pacjenta-Zelazo-w-diecie.pdf\">Informacja dla pacjenta &#8211; \u017belazo-w-diecie<\/a><a href=\"http:\/\/avamed.czest.pl\/wp-content\/uploads\/2020\/11\/Informacja-dla-pacjenta-Zelazo-w-diecie.pdf\" class=\"wp-block-file__button wp-element-button\" download aria-describedby=\"wp-block-file--media-db27c655-0381-4155-a7e6-74d3c540d29b\">Pobierz<\/a><\/div>\n\n\n\n<div class=\"wp-block-file\"><a id=\"wp-block-file--media-d1de38e3-fa48-40cb-b576-c4b8b43caf9d\" href=\"http:\/\/avamed.czest.pl\/wp-content\/uploads\/2020\/11\/Dzialania-promocyjne-informacja-dla-pacjenta.pdf\">Dzia\u0142ania promocyjne &#8211; informacja dla pacjenta<\/a><a href=\"http:\/\/avamed.czest.pl\/wp-content\/uploads\/2020\/11\/Dzialania-promocyjne-informacja-dla-pacjenta.pdf\" class=\"wp-block-file__button wp-element-button\" download aria-describedby=\"wp-block-file--media-d1de38e3-fa48-40cb-b576-c4b8b43caf9d\">Pobierz<\/a><\/div>\n\n\n\n<div class=\"wp-block-file\"><a id=\"wp-block-file--media-7b54fe8a-68aa-4d86-b026-fe66952eea65\" href=\"http:\/\/avamed.czest.pl\/wp-content\/uploads\/2020\/11\/Dieta-bez-glutenu.pdf\">Dieta-bez-glutenu<\/a><a href=\"http:\/\/avamed.czest.pl\/wp-content\/uploads\/2020\/11\/Dieta-bez-glutenu.pdf\" class=\"wp-block-file__button wp-element-button\" download aria-describedby=\"wp-block-file--media-7b54fe8a-68aa-4d86-b026-fe66952eea65\">Pobierz<\/a><\/div>\n","protected":false},"excerpt":{"rendered":"<p>PROMOCJA ZDROWIA- warsztaty\/ spotkania edukacyjne NZOZ AVAMED Sp. z o.o w Cz\u0119stochowie &nbsp;prowadzi dzia\u0142ania na rzecz promocji zdrowia w\u015br\u00f3d zadeklarowanych pacjent\u00f3w maj\u0105ce na celu zwr\u00f3cenie uwagi na warto\u015bci wynikaj\u0105ce z szeroko poj\u0119tego zdrowego stylu \u017cycia i zachowa\u0144 prozdrowotnych. Wydzielony czas na promocj\u0119 zdrowia obejmuje: * spotkania z lekarzami\/ fizjoterapet\u0105 \/ dietetykiem\/&nbsp; prowadzone s\u0105 przy wsp\u00f3\u0142pracy [&hellip;]<\/p>\n","protected":false},"author":1,"featured_media":0,"parent":0,"menu_order":0,"comment_status":"closed","ping_status":"closed","template":"","meta":{"_mi_skip_tracking":false},"yoast_head":"<!-- This site is optimized with the Yoast SEO plugin v20.3 - https:\/\/yoast.com\/wordpress\/plugins\/seo\/ -->\n<title>Warsztaty edukacyjne dla pacjenta - Avamed<\/title>\n<meta name=\"robots\" content=\"index, follow, max-snippet:-1, max-image-preview:large, max-video-preview:-1\" \/>\n<link rel=\"canonical\" href=\"http:\/\/avamed.czest.pl\/?page_id=500\" \/>\n<meta property=\"og:locale\" content=\"pl_PL\" \/>\n<meta property=\"og:type\" content=\"article\" \/>\n<meta property=\"og:title\" content=\"Warsztaty edukacyjne dla pacjenta - Avamed\" \/>\n<meta property=\"og:description\" content=\"PROMOCJA ZDROWIA- warsztaty\/ spotkania edukacyjne NZOZ AVAMED Sp. z o.o w Cz\u0119stochowie &nbsp;prowadzi dzia\u0142ania na rzecz promocji zdrowia w\u015br\u00f3d zadeklarowanych pacjent\u00f3w maj\u0105ce na celu zwr\u00f3cenie uwagi na warto\u015bci wynikaj\u0105ce z szeroko poj\u0119tego zdrowego stylu \u017cycia i zachowa\u0144 prozdrowotnych. Wydzielony czas na promocj\u0119 zdrowia obejmuje: * spotkania z lekarzami\/ fizjoterapet\u0105 \/ dietetykiem\/&nbsp; prowadzone s\u0105 przy wsp\u00f3\u0142pracy [&hellip;]\" \/>\n<meta property=\"og:url\" content=\"http:\/\/avamed.czest.pl\/?page_id=500\" \/>\n<meta property=\"og:site_name\" content=\"Avamed\" \/>\n<meta property=\"article:modified_time\" content=\"2023-12-03T16:58:00+00:00\" \/>\n<meta name=\"twitter:card\" content=\"summary_large_image\" \/>\n<meta name=\"twitter:label1\" content=\"Szacowany czas czytania\" \/>\n\t<meta name=\"twitter:data1\" content=\"2 minuty\" \/>\n<script type=\"application\/ld+json\" class=\"yoast-schema-graph\">{\"@context\":\"https:\/\/schema.org\",\"@graph\":[{\"@type\":\"WebPage\",\"@id\":\"http:\/\/avamed.czest.pl\/?page_id=500\",\"url\":\"http:\/\/avamed.czest.pl\/?page_id=500\",\"name\":\"Warsztaty edukacyjne dla pacjenta - Avamed\",\"isPartOf\":{\"@id\":\"http:\/\/avamed.czest.pl\/#website\"},\"datePublished\":\"2020-11-30T20:13:32+00:00\",\"dateModified\":\"2023-12-03T16:58:00+00:00\",\"breadcrumb\":{\"@id\":\"http:\/\/avamed.czest.pl\/?page_id=500#breadcrumb\"},\"inLanguage\":\"pl-PL\",\"potentialAction\":[{\"@type\":\"ReadAction\",\"target\":[\"http:\/\/avamed.czest.pl\/?page_id=500\"]}]},{\"@type\":\"BreadcrumbList\",\"@id\":\"http:\/\/avamed.czest.pl\/?page_id=500#breadcrumb\",\"itemListElement\":[{\"@type\":\"ListItem\",\"position\":1,\"name\":\"Strona g\u0142\u00f3wna\",\"item\":\"http:\/\/avamed.czest.pl\/\"},{\"@type\":\"ListItem\",\"position\":2,\"name\":\"Warsztaty edukacyjne dla pacjenta\"}]},{\"@type\":\"WebSite\",\"@id\":\"http:\/\/avamed.czest.pl\/#website\",\"url\":\"http:\/\/avamed.czest.pl\/\",\"name\":\"Avamed\",\"description\":\"Przychodnia Zdrowia Avamed Cz\u0119stochowa\",\"potentialAction\":[{\"@type\":\"SearchAction\",\"target\":{\"@type\":\"EntryPoint\",\"urlTemplate\":\"http:\/\/avamed.czest.pl\/?s={search_term_string}\"},\"query-input\":\"required name=search_term_string\"}],\"inLanguage\":\"pl-PL\"}]}<\/script>\n<!-- \/ Yoast SEO plugin. -->","yoast_head_json":{"title":"Warsztaty edukacyjne dla pacjenta - Avamed","robots":{"index":"index","follow":"follow","max-snippet":"max-snippet:-1","max-image-preview":"max-image-preview:large","max-video-preview":"max-video-preview:-1"},"canonical":"http:\/\/avamed.czest.pl\/?page_id=500","og_locale":"pl_PL","og_type":"article","og_title":"Warsztaty edukacyjne dla pacjenta - Avamed","og_description":"PROMOCJA ZDROWIA- warsztaty\/ spotkania edukacyjne NZOZ AVAMED Sp. z o.o w Cz\u0119stochowie &nbsp;prowadzi dzia\u0142ania na rzecz promocji zdrowia w\u015br\u00f3d zadeklarowanych pacjent\u00f3w maj\u0105ce na celu zwr\u00f3cenie uwagi na warto\u015bci wynikaj\u0105ce z szeroko poj\u0119tego zdrowego stylu \u017cycia i zachowa\u0144 prozdrowotnych. Wydzielony czas na promocj\u0119 zdrowia obejmuje: * spotkania z lekarzami\/ fizjoterapet\u0105 \/ dietetykiem\/&nbsp; prowadzone s\u0105 przy wsp\u00f3\u0142pracy [&hellip;]","og_url":"http:\/\/avamed.czest.pl\/?page_id=500","og_site_name":"Avamed","article_modified_time":"2023-12-03T16:58:00+00:00","twitter_card":"summary_large_image","twitter_misc":{"Szacowany czas czytania":"2 minuty"},"schema":{"@context":"https:\/\/schema.org","@graph":[{"@type":"WebPage","@id":"http:\/\/avamed.czest.pl\/?page_id=500","url":"http:\/\/avamed.czest.pl\/?page_id=500","name":"Warsztaty edukacyjne dla pacjenta - Avamed","isPartOf":{"@id":"http:\/\/avamed.czest.pl\/#website"},"datePublished":"2020-11-30T20:13:32+00:00","dateModified":"2023-12-03T16:58:00+00:00","breadcrumb":{"@id":"http:\/\/avamed.czest.pl\/?page_id=500#breadcrumb"},"inLanguage":"pl-PL","potentialAction":[{"@type":"ReadAction","target":["http:\/\/avamed.czest.pl\/?page_id=500"]}]},{"@type":"BreadcrumbList","@id":"http:\/\/avamed.czest.pl\/?page_id=500#breadcrumb","itemListElement":[{"@type":"ListItem","position":1,"name":"Strona g\u0142\u00f3wna","item":"http:\/\/avamed.czest.pl\/"},{"@type":"ListItem","position":2,"name":"Warsztaty edukacyjne dla pacjenta"}]},{"@type":"WebSite","@id":"http:\/\/avamed.czest.pl\/#website","url":"http:\/\/avamed.czest.pl\/","name":"Avamed","description":"Przychodnia Zdrowia Avamed Cz\u0119stochowa","potentialAction":[{"@type":"SearchAction","target":{"@type":"EntryPoint","urlTemplate":"http:\/\/avamed.czest.pl\/?s={search_term_string}"},"query-input":"required name=search_term_string"}],"inLanguage":"pl-PL"}]}},"_links":{"self":[{"href":"http:\/\/avamed.czest.pl\/index.php?rest_route=\/wp\/v2\/pages\/500"}],"collection":[{"href":"http:\/\/avamed.czest.pl\/index.php?rest_route=\/wp\/v2\/pages"}],"about":[{"href":"http:\/\/avamed.czest.pl\/index.php?rest_route=\/wp\/v2\/types\/page"}],"author":[{"embeddable":true,"href":"http:\/\/avamed.czest.pl\/index.php?rest_route=\/wp\/v2\/users\/1"}],"replies":[{"embeddable":true,"href":"http:\/\/avamed.czest.pl\/index.php?rest_route=%2Fwp%2Fv2%2Fcomments&post=500"}],"version-history":[{"count":3,"href":"http:\/\/avamed.czest.pl\/index.php?rest_route=\/wp\/v2\/pages\/500\/revisions"}],"predecessor-version":[{"id":614,"href":"http:\/\/avamed.czest.pl\/index.php?rest_route=\/wp\/v2\/pages\/500\/revisions\/614"}],"wp:attachment":[{"href":"http:\/\/avamed.czest.pl\/index.php?rest_route=%2Fwp%2Fv2%2Fmedia&parent=500"}],"curies":[{"name":"wp","href":"https:\/\/api.w.org\/{rel}","templated":true}]}}