{"id":621,"date":"2023-12-03T19:00:48","date_gmt":"2023-12-03T19:00:48","guid":{"rendered":"http:\/\/avamed.czest.pl\/?page_id=621"},"modified":"2023-12-03T20:04:00","modified_gmt":"2023-12-03T20:04:00","slug":"zakres-oferowanych-swiadczen","status":"publish","type":"page","link":"http:\/\/avamed.czest.pl\/?page_id=621","title":{"rendered":"ZAKRES OFEROWANYCH \u015aWIADCZE\u0143"},"content":{"rendered":"\n<h2 class=\"wp-block-heading has-text-align-center\"><strong>ZAKRES \u015aWIADCZE\u0143 REALIZOWANYCH W RAMACH NFZ<br>W PORADNI &#8211; NZOZ ,,AVAMED<\/strong>\u201d<\/h2>\n\n\n\n<p>\u015awiadczenia Podstawowej Opieki Zdrowotnej realizowane s\u0105 w naszym podmiocie\u00a0 bezp\u0142atnie w ramach zawartego kontraktu z Narodowym Funduszem Zdrowia. Udzielane s\u0105 ubezpieczonym, kt\u00f3rzy dokonali\u00a0wyboru\u00a0<a href=\"https:\/\/nzozbialypradnik.pl\/wp-content\/uploads\/2020\/12\/NZOZ_BP_Deklaracja_Lekarz.pdf\">lekarza<\/a>\u00a0i\/\u00a0 lub\u00a0\u00a0<a href=\"https:\/\/nzozbialypradnik.pl\/wp-content\/uploads\/2020\/12\/NZOZ_BP_Deklaracja_Pielegniarki.pdf\">piel\u0119gniarki<\/a>\u00a0i\/ lub\u00a0<a href=\"https:\/\/nzozbialypradnik.pl\/wp-content\/uploads\/2020\/12\/NZOZ_BP_Deklaracja_Polozna.pdf\">po\u0142o\u017cnej<\/a>\u00a0POZ\u00a0poprzez z\u0142o\u017cenie odpowiedniej deklaracji wyboru.<\/p>\n\n\n\n<p>Aby skorzysta\u0107 ze \u015bwiadcze\u0144 POZ nale\u017cy z\u0142o\u017cy\u0107 wype\u0142nion\u0105 deklaracje, kt\u00f3ra dost\u0119pna jest\u00a0 w zak\u0142adce:\u00a0<strong>Deklaracje POZ\u00a0<\/strong><a href=\"https:\/\/nzozbialypradnik.pl\/wp-content\/uploads\/2020\/12\/NZOZ_BP_Deklaracja_Lekarz.pdf\">(<strong>Lekarz<\/strong><\/a><strong>,\u00a0<\/strong><a href=\"https:\/\/nzozbialypradnik.pl\/wp-content\/uploads\/2020\/12\/NZOZ_BP_Deklaracja_Pielegniarki.pdf\"><strong>Piel\u0119gniarka<\/strong><\/a><strong>,\u00a0<\/strong><a href=\"https:\/\/nzozbialypradnik.pl\/wp-content\/uploads\/2020\/12\/NZOZ_BP_Deklaracja_Polozna.pdf\"><strong>Po\u0142o\u017cna<\/strong><\/a>)<strong> lub w Rejestracji. <\/strong>W celu podpisania deklaracji, nale\u017cy zg\u0142osi\u0107 si\u0119 do rejestracji lub z\u0142o\u017cy\u0107 j\u0105 przez Internetowe Konto Pacjenta \u2013 IKP.<\/p>\n\n\n\n<p>W zakresie \u015bwiadcze\u0144 gwarantowanych Podstawowej Opieki Zdrowotnej \u00a0porady udzielane s\u0105 pacjentom ambulatoryjnie lub w przypadkach uzasadnionych wskazaniami medycznymi w domu pacjenta zgodnie z harmonogramem pracy naszej poradni. Poradnia nasza zapewnia r\u00f3wnie\u017c mo\u017cliwo\u015b\u0107 uzyskania przez pacjenta \u015bwiadcze\u0144 udzielanych na odleg\u0142o\u015b\u0107 przy u\u017cyciu system\u00f3w teleinformatycznych lub system\u00f3w \u0142\u0105czno\u015bci, tzw.\u00a0<strong>TELEPORADY.<\/strong><\/p>\n\n\n\n<h2 class=\"wp-block-heading has-text-align-center\"><a href=\"javascript:void(0)\"><strong>ZAKRES \u00a0OPIEKI \u00a0SPRAWOWANEJ \u00a0PRZEZ \u00a0LEKARZA \u00a0POZ<\/strong><\/a><\/h2>\n\n\n\n<ul>\n<li><strong>badania i porady lekarskie,<\/strong><\/li>\n\n\n\n<li><strong>szczepienia ochronne,<\/strong><\/li>\n\n\n\n<li><strong>badania bilansowe i przesiewowe,<\/strong><\/li>\n\n\n\n<li><strong>bezp\u0142atne badania diagnostyczne<\/strong>&nbsp;&#8211; decyzj\u0119 o skierowaniu pacjenta na badania podejmuje lekarz. Lekarz POZ zobowi\u0105zany jest zleca\u0107 badania diagnostyczne, kt\u00f3re znajduj\u0105 si\u0119 w jego kompetencjach, o ile s\u0105 mu one niezb\u0119dne do postawienia diagnozy i leczenia pacjenta. Zlecone badania diagnostyczne pacjenci mog\u0105 wykona\u0107 bezp\u0142atnie, na podstawie skierowania, jedynie w pracowni lub laboratorium wskazanym przez lekarza POZ. Lekarz POZ mo\u017ce wystawi\u0107 skierowanie na kolonoskopi\u0119 i gastroskopi\u0119. Pacjenci, kt\u00f3rzy uzyskaj\u0105 skierowanie na te badania, mog\u0105 wybra\u0107 dowolna plac\u00f3wk\u0119 medyczn\u0105 wykonuj\u0105c\u0105 ww. badania.<\/li>\n\n\n\n<li><strong>skierowania do poradni specjalistycznych, do szpitala i innej plac\u00f3wki ochrony zdrowia,<\/strong><\/li>\n\n\n\n<li><strong>skierowania na leczenie rehabilitacyjne i uzdrowiskowe w plac\u00f3wkach dzia\u0142aj\u0105cych w oparciu o umow\u0119 z NFZ,<\/strong><\/li>\n\n\n\n<li><strong>opieka nad rodzin\u0105, matka, dzieckiem,<\/strong><\/li>\n\n\n\n<li><strong>zabiegi w gabinecie zabiegowym i w domu pacjenta.&nbsp;<\/strong>W gabinecie zabiegowym wykonywane s\u0105 zabiegi oraz procedury pozostaj\u0105ce w kompetencjach lekarza POZ i wymagaj\u0105ce jego udzia\u0142u, zwi\u0105zane bezpo\u015brednio z udzielan\u0105 porad\u0105 lekarsk\u0105 np. iniekcje, EKG , pomiar RR, pomiar poziomu glukozy. W sytuacji uzasadnionej stanem zdrowia pacjenta, zabiegi mog\u0105 by\u0107 wykonywane tak\u017ce<br>w domu pacjenta. Je\u015bli jakie\u015b zlecenie ma wykona\u0107 piel\u0119gniarka, lekarz wydaje skierowanie do tej piel\u0119gniarki, do kt\u00f3rej pacjent jest zadeklarowany.<\/li>\n\n\n\n<li><strong>skierowania do opieki d\u0142ugoterminowej,<\/strong><\/li>\n\n\n\n<li><strong>zlecenia na zakup<\/strong>&nbsp;niekt\u00f3rych przedmiot\u00f3w ortopedycznych i \u015brodk\u00f3w pomocniczych,<\/li>\n\n\n\n<li><strong>profilaktyk\u0119 i promocje zdrowia,<\/strong><\/li>\n\n\n\n<li><strong>recepty na leki.<\/strong><\/li>\n<\/ul>\n\n\n\n<p>Lekarz POZ mo\u017ce wystawi\u0107 recept\u0119 r\u00f3wnie\u017c na leki zalecone przez innego lekarza ubezpieczenia zdrowotnego (np. specjalist\u0119),o ile posiada pisemn\u0105 informacj\u0119 od tego lekarza dotycz\u0105c\u0105 rozpoznania choroby pacjenta i zalecanej farmakoterapii.<\/p>\n\n\n\n<div class=\"wp-block-group is-layout-constrained\"><div class=\"wp-block-group__inner-container\">\n<ul>\n<li><strong>orzeczenia i za\u015bwiadczenia lekarskie<\/strong>&nbsp;wydawane na \u017cyczenie ubezpieczonego (je\u017celi s\u0105 one zwi\u0105zane z dalszym leczeniem, rehabilitacj\u0105, niezdolno\u015bci\u0105 do pracy, kontynuowaniem nauki, uczestnictwem dzieci, uczni\u00f3w, s\u0142uchaczy kszta\u0142cenia nauczycieli i student\u00f3w w zaj\u0119ciach sportowych i w zorganizowanym wypoczynku, a tak\u017ce je\u017celi s\u0105 wydawane dla cel\u00f3w pomocy spo\u0142ecznej lub uzyskania zasi\u0142ku piel\u0119gnacyjnego).<\/li>\n\n\n\n<li><strong>wsp\u00f3\u0142dzia\u0142anie z innymi zak\u0142adami opieki zdrowotnej<\/strong><\/li>\n\n\n\n<li><strong>transport sanitarny<\/strong>\u00a0&#8211; w razie konieczno\u015bci przewiezienia pacjenta ( z dysfunkcj\u0105 narz\u0105du ruchu) do szpitala, poradni specjalistycznej lub na badanie diagnostyczne zgodnie z obowi\u0105zuj\u0105cymi przepisami prawa.<\/li>\n<\/ul>\n<\/div><\/div>\n\n\n\n<h2 class=\"wp-block-heading has-text-align-center\"><a href=\"javascript:void(0)\"><strong>ZAKRES OPIEKI SPRAWOWANEJ PRZEZ PIEL\u0118GNIARK\u0118<\/strong><\/a><\/h2>\n\n\n\n<p>Piel\u0119gniarka POZ sprawuje kompleksow\u0105 opiek\u0119 piel\u0119gniarsk\u0105 nad zadeklarowanymi do niej pacjentami. Realizuje (zgodnie z obowi\u0105zuj\u0105cym zakresem zada\u0144) zlecenia na zabiegi i procedury medyczne wydane przez lekarzy ubezpieczenia zdrowotnego<\/p>\n\n\n\n<ul>\n<li>organizowanie i prowadzenie dzia\u0142alno\u015bci zapobiegawczo- leczniczo- diagnostycznej<\/li>\n\n\n\n<li>wykonywanie zabieg\u00f3w leczniczych i piel\u0119gnacyjnych wynikaj\u0105cych z planu leczenia na pisemne zlecenie lekarza r\u00f3wnie\u017c w domu pacjenta,<\/li>\n\n\n\n<li>\u015bwiadczenia profilaktyczne,<\/li>\n\n\n\n<li>profilaktyka i promocja zdrowia,<\/li>\n\n\n\n<li>wsp\u00f3\u0142dzia\u0142anie w sprawowaniu opieki nad rodzin\u0105 z innymi podmiotami.<\/li>\n<\/ul>\n\n\n\n<p>Opieka piel\u0119gniarska i po\u0142o\u017cnicza nad ubezpieczonymi realizowana jest w ambulatorium oraz w miejscu zamieszkania pacjenta. Opieka ta odbywa si\u0119 od poniedzia\u0142ku do pi\u0105tku w godz. 7.30 -18.00 z wy\u0142\u0105czeniem dni ustawowo wolnych od pracy. W uzasadnionych medycznie przypadkach \u015bwiadczenia udzielane s\u0105 w dniu zg\u0142oszenia, w pozosta\u0142ych przypadkach &#8211; w terminie uzgodnionym z pacjentem.<br><br><\/p>\n\n\n\n<h2 class=\"wp-block-heading has-text-align-center\"><a href=\"javascript:void(0)\"><strong>ZAKRES OPIEKI SPRAWOWANEJ \u00a0PRZEZ \u00a0PO\u0141O\u017bN\u0104<\/strong><\/a><\/h2>\n\n\n\n<p>Po\u0142o\u017cna POZ sprawuje piel\u0119gnacyjn\u0105 opiek\u0119 po\u0142o\u017cniczo &#8211; ginekologiczno &#8211; neonatologiczn\u0105 nad kobietami i dzie\u0107mi do 2. miesi\u0105ca \u017cycia.<\/p>\n\n\n\n<ul>\n<li>planowanie i realizacja piel\u0119gnacyjnej opieki po\u0142o\u017cniczo \u2013 ginekologicznej nad pacjentem i jego rodzin\u0105,<\/li>\n\n\n\n<li>opieka po\u0142o\u017cnicza nad kobiet\u0105 ci\u0119\u017carn\u0105 , po\u0142o\u017cnic\u0105 i noworodkiem,<\/li>\n\n\n\n<li>promocja, edukacja zdrowotna<\/li>\n\n\n\n<li>poradnictwo w zakresie samo opieki i samo piel\u0119gnacji w odniesieniu do noworodk\u00f3w, kobiet, i ich rodzin<\/li>\n\n\n\n<li>rozpoznanie i ocena sytuacji spo\u0142eczno- zdrowotnej rodziny<\/li>\n\n\n\n<li>wsp\u00f3\u0142dzia\u0142anie w sprawowaniu opieki z innymi podmiotami<\/li>\n<\/ul>\n\n\n\n<p>Opieka po\u0142o\u017cnicza nad ubezpieczonymi realizowana jest w ambulatorium oraz w miejscu zamieszkania pacjenta. Opieka ta odbywa si\u0119 od poniedzia\u0142ku do pi\u0105tku w godz. 8 -18 z wy\u0142\u0105czeniem dni ustawowo wolnych od pracy. W uzasadnionych medycznie przypadkach \u015bwiadczenia udzielane s\u0105 w dniu zg\u0142oszenia, w pozosta\u0142ych przypadkach &#8211; w terminie uzgodnionym z pacjentem.<\/p>\n","protected":false},"excerpt":{"rendered":"<p>ZAKRES \u015aWIADCZE\u0143 REALIZOWANYCH W RAMACH NFZW PORADNI &#8211; NZOZ ,,AVAMED\u201d \u015awiadczenia Podstawowej Opieki Zdrowotnej realizowane s\u0105 w naszym podmiocie\u00a0 bezp\u0142atnie w ramach zawartego kontraktu z Narodowym Funduszem Zdrowia. Udzielane s\u0105 ubezpieczonym, kt\u00f3rzy dokonali\u00a0wyboru\u00a0lekarza\u00a0i\/\u00a0 lub\u00a0\u00a0piel\u0119gniarki\u00a0i\/ lub\u00a0po\u0142o\u017cnej\u00a0POZ\u00a0poprzez z\u0142o\u017cenie odpowiedniej deklaracji wyboru. Aby skorzysta\u0107 ze \u015bwiadcze\u0144 POZ nale\u017cy z\u0142o\u017cy\u0107 wype\u0142nion\u0105 deklaracje, kt\u00f3ra dost\u0119pna jest\u00a0 w zak\u0142adce:\u00a0Deklaracje POZ\u00a0(Lekarz,\u00a0Piel\u0119gniarka,\u00a0Po\u0142o\u017cna) lub [&hellip;]<\/p>\n","protected":false},"author":1,"featured_media":0,"parent":0,"menu_order":0,"comment_status":"closed","ping_status":"closed","template":"","meta":{"_mi_skip_tracking":false},"yoast_head":"<!-- This site is optimized with the Yoast SEO plugin v20.3 - https:\/\/yoast.com\/wordpress\/plugins\/seo\/ -->\n<title>ZAKRES OFEROWANYCH \u015aWIADCZE\u0143 - Avamed<\/title>\n<meta name=\"robots\" content=\"index, follow, max-snippet:-1, max-image-preview:large, max-video-preview:-1\" \/>\n<link rel=\"canonical\" href=\"http:\/\/avamed.czest.pl\/?page_id=621\" \/>\n<meta property=\"og:locale\" content=\"pl_PL\" \/>\n<meta property=\"og:type\" content=\"article\" \/>\n<meta property=\"og:title\" content=\"ZAKRES OFEROWANYCH \u015aWIADCZE\u0143 - Avamed\" \/>\n<meta property=\"og:description\" content=\"ZAKRES \u015aWIADCZE\u0143 REALIZOWANYCH W RAMACH NFZW PORADNI &#8211; NZOZ ,,AVAMED\u201d \u015awiadczenia Podstawowej Opieki Zdrowotnej realizowane s\u0105 w naszym podmiocie\u00a0 bezp\u0142atnie w ramach zawartego kontraktu z Narodowym Funduszem Zdrowia. Udzielane s\u0105 ubezpieczonym, kt\u00f3rzy dokonali\u00a0wyboru\u00a0lekarza\u00a0i\/\u00a0 lub\u00a0\u00a0piel\u0119gniarki\u00a0i\/ lub\u00a0po\u0142o\u017cnej\u00a0POZ\u00a0poprzez z\u0142o\u017cenie odpowiedniej deklaracji wyboru. Aby skorzysta\u0107 ze \u015bwiadcze\u0144 POZ nale\u017cy z\u0142o\u017cy\u0107 wype\u0142nion\u0105 deklaracje, kt\u00f3ra dost\u0119pna jest\u00a0 w zak\u0142adce:\u00a0Deklaracje POZ\u00a0(Lekarz,\u00a0Piel\u0119gniarka,\u00a0Po\u0142o\u017cna) lub [&hellip;]\" \/>\n<meta property=\"og:url\" content=\"http:\/\/avamed.czest.pl\/?page_id=621\" \/>\n<meta property=\"og:site_name\" content=\"Avamed\" \/>\n<meta property=\"article:modified_time\" content=\"2023-12-03T20:04:00+00:00\" \/>\n<meta name=\"twitter:card\" content=\"summary_large_image\" \/>\n<meta name=\"twitter:label1\" content=\"Szacowany czas czytania\" \/>\n\t<meta name=\"twitter:data1\" content=\"5 minut\" \/>\n<script type=\"application\/ld+json\" class=\"yoast-schema-graph\">{\"@context\":\"https:\/\/schema.org\",\"@graph\":[{\"@type\":\"WebPage\",\"@id\":\"http:\/\/avamed.czest.pl\/?page_id=621\",\"url\":\"http:\/\/avamed.czest.pl\/?page_id=621\",\"name\":\"ZAKRES OFEROWANYCH \u015aWIADCZE\u0143 - Avamed\",\"isPartOf\":{\"@id\":\"http:\/\/avamed.czest.pl\/#website\"},\"datePublished\":\"2023-12-03T19:00:48+00:00\",\"dateModified\":\"2023-12-03T20:04:00+00:00\",\"breadcrumb\":{\"@id\":\"http:\/\/avamed.czest.pl\/?page_id=621#breadcrumb\"},\"inLanguage\":\"pl-PL\",\"potentialAction\":[{\"@type\":\"ReadAction\",\"target\":[\"http:\/\/avamed.czest.pl\/?page_id=621\"]}]},{\"@type\":\"BreadcrumbList\",\"@id\":\"http:\/\/avamed.czest.pl\/?page_id=621#breadcrumb\",\"itemListElement\":[{\"@type\":\"ListItem\",\"position\":1,\"name\":\"Strona g\u0142\u00f3wna\",\"item\":\"http:\/\/avamed.czest.pl\/\"},{\"@type\":\"ListItem\",\"position\":2,\"name\":\"ZAKRES OFEROWANYCH \u015aWIADCZE\u0143\"}]},{\"@type\":\"WebSite\",\"@id\":\"http:\/\/avamed.czest.pl\/#website\",\"url\":\"http:\/\/avamed.czest.pl\/\",\"name\":\"Avamed\",\"description\":\"Przychodnia Zdrowia Avamed Cz\u0119stochowa\",\"potentialAction\":[{\"@type\":\"SearchAction\",\"target\":{\"@type\":\"EntryPoint\",\"urlTemplate\":\"http:\/\/avamed.czest.pl\/?s={search_term_string}\"},\"query-input\":\"required name=search_term_string\"}],\"inLanguage\":\"pl-PL\"}]}<\/script>\n<!-- \/ Yoast SEO plugin. -->","yoast_head_json":{"title":"ZAKRES OFEROWANYCH \u015aWIADCZE\u0143 - Avamed","robots":{"index":"index","follow":"follow","max-snippet":"max-snippet:-1","max-image-preview":"max-image-preview:large","max-video-preview":"max-video-preview:-1"},"canonical":"http:\/\/avamed.czest.pl\/?page_id=621","og_locale":"pl_PL","og_type":"article","og_title":"ZAKRES OFEROWANYCH \u015aWIADCZE\u0143 - Avamed","og_description":"ZAKRES \u015aWIADCZE\u0143 REALIZOWANYCH W RAMACH NFZW PORADNI &#8211; NZOZ ,,AVAMED\u201d \u015awiadczenia Podstawowej Opieki Zdrowotnej realizowane s\u0105 w naszym podmiocie\u00a0 bezp\u0142atnie w ramach zawartego kontraktu z Narodowym Funduszem Zdrowia. Udzielane s\u0105 ubezpieczonym, kt\u00f3rzy dokonali\u00a0wyboru\u00a0lekarza\u00a0i\/\u00a0 lub\u00a0\u00a0piel\u0119gniarki\u00a0i\/ lub\u00a0po\u0142o\u017cnej\u00a0POZ\u00a0poprzez z\u0142o\u017cenie odpowiedniej deklaracji wyboru. Aby skorzysta\u0107 ze \u015bwiadcze\u0144 POZ nale\u017cy z\u0142o\u017cy\u0107 wype\u0142nion\u0105 deklaracje, kt\u00f3ra dost\u0119pna jest\u00a0 w zak\u0142adce:\u00a0Deklaracje POZ\u00a0(Lekarz,\u00a0Piel\u0119gniarka,\u00a0Po\u0142o\u017cna) lub [&hellip;]","og_url":"http:\/\/avamed.czest.pl\/?page_id=621","og_site_name":"Avamed","article_modified_time":"2023-12-03T20:04:00+00:00","twitter_card":"summary_large_image","twitter_misc":{"Szacowany czas czytania":"5 minut"},"schema":{"@context":"https:\/\/schema.org","@graph":[{"@type":"WebPage","@id":"http:\/\/avamed.czest.pl\/?page_id=621","url":"http:\/\/avamed.czest.pl\/?page_id=621","name":"ZAKRES OFEROWANYCH \u015aWIADCZE\u0143 - Avamed","isPartOf":{"@id":"http:\/\/avamed.czest.pl\/#website"},"datePublished":"2023-12-03T19:00:48+00:00","dateModified":"2023-12-03T20:04:00+00:00","breadcrumb":{"@id":"http:\/\/avamed.czest.pl\/?page_id=621#breadcrumb"},"inLanguage":"pl-PL","potentialAction":[{"@type":"ReadAction","target":["http:\/\/avamed.czest.pl\/?page_id=621"]}]},{"@type":"BreadcrumbList","@id":"http:\/\/avamed.czest.pl\/?page_id=621#breadcrumb","itemListElement":[{"@type":"ListItem","position":1,"name":"Strona g\u0142\u00f3wna","item":"http:\/\/avamed.czest.pl\/"},{"@type":"ListItem","position":2,"name":"ZAKRES OFEROWANYCH \u015aWIADCZE\u0143"}]},{"@type":"WebSite","@id":"http:\/\/avamed.czest.pl\/#website","url":"http:\/\/avamed.czest.pl\/","name":"Avamed","description":"Przychodnia Zdrowia Avamed Cz\u0119stochowa","potentialAction":[{"@type":"SearchAction","target":{"@type":"EntryPoint","urlTemplate":"http:\/\/avamed.czest.pl\/?s={search_term_string}"},"query-input":"required name=search_term_string"}],"inLanguage":"pl-PL"}]}},"_links":{"self":[{"href":"http:\/\/avamed.czest.pl\/index.php?rest_route=\/wp\/v2\/pages\/621"}],"collection":[{"href":"http:\/\/avamed.czest.pl\/index.php?rest_route=\/wp\/v2\/pages"}],"about":[{"href":"http:\/\/avamed.czest.pl\/index.php?rest_route=\/wp\/v2\/types\/page"}],"author":[{"embeddable":true,"href":"http:\/\/avamed.czest.pl\/index.php?rest_route=\/wp\/v2\/users\/1"}],"replies":[{"embeddable":true,"href":"http:\/\/avamed.czest.pl\/index.php?rest_route=%2Fwp%2Fv2%2Fcomments&post=621"}],"version-history":[{"count":3,"href":"http:\/\/avamed.czest.pl\/index.php?rest_route=\/wp\/v2\/pages\/621\/revisions"}],"predecessor-version":[{"id":643,"href":"http:\/\/avamed.czest.pl\/index.php?rest_route=\/wp\/v2\/pages\/621\/revisions\/643"}],"wp:attachment":[{"href":"http:\/\/avamed.czest.pl\/index.php?rest_route=%2Fwp%2Fv2%2Fmedia&parent=621"}],"curies":[{"name":"wp","href":"https:\/\/api.w.org\/{rel}","templated":true}]}}